{"id":4907,"date":"2018-11-22T21:11:31","date_gmt":"2018-11-22T21:11:31","guid":{"rendered":"https:\/\/central-law.com\/?page_id=4907"},"modified":"2023-01-17T19:09:58","modified_gmt":"2023-01-17T19:09:58","slug":"startups","status":"publish","type":"page","link":"https:\/\/central-law.com\/en\/startups\/","title":{"rendered":"Startups"},"content":{"rendered":"\t\t<div data-elementor-type=\"wp-post\" data-elementor-id=\"4907\" class=\"elementor elementor-4907 elementor-4906\" data-elementor-post-type=\"page\">\n\t\t\t\t\t\t<section class=\"elementor-section elementor-top-section elementor-element elementor-element-1dd980e4 elementor-section-stretched elementor-section-boxed elementor-section-height-default elementor-section-height-default\" data-id=\"1dd980e4\" data-element_type=\"section\" data-settings=\"{&quot;stretch_section&quot;:&quot;section-stretched&quot;}\">\n\t\t\t\t\t\t<div class=\"elementor-container elementor-column-gap-default\">\n\t\t\t\t\t<div class=\"elementor-column elementor-col-50 elementor-top-column elementor-element elementor-element-5dd93a87\" data-id=\"5dd93a87\" data-element_type=\"column\">\n\t\t\t<div class=\"elementor-widget-wrap elementor-element-populated\">\n\t\t\t\t\t\t<div class=\"elementor-element elementor-element-67706bf0 elementor-widget elementor-widget-image\" data-id=\"67706bf0\" data-element_type=\"widget\" data-widget_type=\"image.default\">\n\t\t\t\t<div class=\"elementor-widget-container\">\n\t\t\t\t\t\t\t\t\t\t\t\t\t\t\t<img fetchpriority=\"high\" decoding=\"async\" width=\"1000\" height=\"668\" src=\"https:\/\/central-law.com\/wp-content\/uploads\/2018\/11\/starups.jpg\" class=\"attachment-large size-large wp-image-4910\" alt=\"\" srcset=\"https:\/\/central-law.com\/wp-content\/uploads\/2018\/11\/starups.jpg 1000w, https:\/\/central-law.com\/wp-content\/uploads\/2018\/11\/starups-300x200.jpg 300w, https:\/\/central-law.com\/wp-content\/uploads\/2018\/11\/starups-768x513.jpg 768w\" sizes=\"(max-width: 1000px) 100vw, 1000px\" \/>\t\t\t\t\t\t\t\t\t\t\t\t\t\t\t<\/div>\n\t\t\t\t<\/div>\n\t\t\t\t\t<\/div>\n\t\t<\/div>\n\t\t\t\t<div class=\"elementor-column elementor-col-50 elementor-top-column elementor-element elementor-element-7c8e9a7f\" data-id=\"7c8e9a7f\" data-element_type=\"column\">\n\t\t\t<div class=\"elementor-widget-wrap elementor-element-populated\">\n\t\t\t\t\t\t<div class=\"elementor-element elementor-element-57f0f337 elementor-widget elementor-widget-text-editor\" data-id=\"57f0f337\" data-element_type=\"widget\" data-widget_type=\"text-editor.default\">\n\t\t\t\t<div class=\"elementor-widget-container\">\n\t\t\t\t\t\t\t\t\t<h2 style=\"font-variant-ligatures: normal; font-variant-caps: normal; font-style: normal;\">Who we are?<\/h2>\n<p style=\"font-variant-ligatures: normal; font-variant-caps: normal; font-family: Raleway; font-size: 14px; font-style: normal; font-weight: 400; color: #929292;\">We are a full service law firm specialized in the future of Central America, Panama and Dominican Republic that supports entrepeneurship across the region. We advise entrepeneurs which need a legal guide to make their business work assisting them in all stages of their startup.<\/p>\n<h2 style=\"font-variant-ligatures: normal; font-variant-caps: normal; font-style: normal;\">What we do?<\/h2>\n<p style=\"font-variant-ligatures: normal; font-variant-caps: normal; font-family: Raleway; font-size: 14px; font-style: normal; font-weight: 400; color: #929292;\">We provide comprehensive legal advice to entrepeneurs in Guatemala , El Salvador, Honduras, Nicaragua, Costa Rica, Panama and Dominican Republic in the following:<\/p>\n<ul style=\"\">\n<li style=\"\">Legalframe of startups<\/li>\n<li style=\"\">Incorporation of companies<\/li>\n<li style=\"\">Labour and employment law&nbsp;<\/li>\n<li style=\"\">Trademark and health registrations of&nbsp; products<\/li>\n<li style=\"\">Operation permits<\/li>\n<li style=\"\">Tax<\/li>\n<li style=\"\">E- commerce<\/li>\n<\/ul>\n<h2 style=\"font-variant-ligatures: normal; font-variant-caps: normal; font-style: normal;\">Our team of STARTUPS:<\/h2>\n<p style=\"font-variant-ligatures: normal; font-variant-caps: normal; font-family: Raleway; font-size: 14px; font-style: normal; font-weight: 400; color: #929292;\"><span style=\"font-family: Raleway; font-size: 14px; font-style: normal; font-variant-ligatures: normal; font-variant-caps: normal; font-weight: 400;\">Guatemala; El Salvador: Piero Rusconi Bola\u00f1os, Francisco Murillo, Javier Arag\u00f3n, Honduras: Jes\u00fas Humberto Medina Alva, Claribel Medina De Le\u00f3n, Nicaragua: Alvaro Molina, Avil Ramirez Mayorga; En Costa Rica Tom\u00e1s Quir\u00f3s y Ricardo Rodriguez; Panama: Ana Cristina Arosemena&nbsp;<\/span><span style=\"font-variant-ligatures: normal; font-variant-caps: normal; font-family: Raleway; font-size: 14px; font-style: normal; font-weight: 400;\">Benedetti<\/span><span style=\"font-variant-ligatures: normal; font-variant-caps: normal; font-family: Raleway; font-size: 14px; font-style: normal; font-weight: 400;\">.<\/span><\/p>\n<p style=\"font-variant-ligatures: normal; font-variant-caps: normal; font-family: Raleway; font-size: 14px; font-style: normal; font-weight: 400; color: #929292;\">Contacto: startups@central-law.com<\/p>\t\t\t\t\t\t\t\t<\/div>\n\t\t\t\t<\/div>\n\t\t\t\t\t<\/div>\n\t\t<\/div>\n\t\t\t\t\t<\/div>\n\t\t<\/section>\n\t\t\t\t<\/div>\n\t\t","protected":false},"excerpt":{"rendered":"<p>Who we are? We are a full service law firm specialized in the future of Central America, Panama and Dominican Republic that supports entrepeneurship across the region. We advise entrepeneurs which need a legal guide to make their business work assisting them in all stages of their startup. What we do? We provide comprehensive legal [&hellip;]<\/p>\n","protected":false},"author":4,"featured_media":0,"parent":0,"menu_order":0,"comment_status":"closed","ping_status":"closed","template":"","meta":{"ocean_post_layout":"","ocean_both_sidebars_style":"","ocean_both_sidebars_content_width":0,"ocean_both_sidebars_sidebars_width":0,"ocean_sidebar":"0","ocean_second_sidebar":"0","ocean_disable_margins":"enable","ocean_add_body_class":"","ocean_shortcode_before_top_bar":"","ocean_shortcode_after_top_bar":"","ocean_shortcode_before_header":"","ocean_shortcode_after_header":"","ocean_has_shortcode":"","ocean_shortcode_after_title":"","ocean_shortcode_before_footer_widgets":"","ocean_shortcode_after_footer_widgets":"","ocean_shortcode_before_footer_bottom":"","ocean_shortcode_after_footer_bottom":"","ocean_display_top_bar":"default","ocean_display_header":"default","ocean_header_style":"","ocean_center_header_left_menu":"0","ocean_custom_header_template":"0","ocean_custom_logo":0,"ocean_custom_retina_logo":0,"ocean_custom_logo_max_width":0,"ocean_custom_logo_tablet_max_width":0,"ocean_custom_logo_mobile_max_width":0,"ocean_custom_logo_max_height":0,"ocean_custom_logo_tablet_max_height":0,"ocean_custom_logo_mobile_max_height":0,"ocean_header_custom_menu":"0","ocean_menu_typo_font_family":"0","ocean_menu_typo_font_subset":"","ocean_menu_typo_font_size":0,"ocean_menu_typo_font_size_tablet":0,"ocean_menu_typo_font_size_mobile":0,"ocean_menu_typo_font_size_unit":"px","ocean_menu_typo_font_weight":"","ocean_menu_typo_font_weight_tablet":"","ocean_menu_typo_font_weight_mobile":"","ocean_menu_typo_transform":"","ocean_menu_typo_transform_tablet":"","ocean_menu_typo_transform_mobile":"","ocean_menu_typo_line_height":0,"ocean_menu_typo_line_height_tablet":0,"ocean_menu_typo_line_height_mobile":0,"ocean_menu_typo_line_height_unit":"","ocean_menu_typo_spacing":0,"ocean_menu_typo_spacing_tablet":0,"ocean_menu_typo_spacing_mobile":0,"ocean_menu_typo_spacing_unit":"","ocean_menu_link_color":"","ocean_menu_link_color_hover":"","ocean_menu_link_color_active":"","ocean_menu_link_background":"","ocean_menu_link_hover_background":"","ocean_menu_link_active_background":"","ocean_menu_social_links_bg":"","ocean_menu_social_hover_links_bg":"","ocean_menu_social_links_color":"","ocean_menu_social_hover_links_color":"","ocean_disable_title":"default","ocean_disable_heading":"default","ocean_post_title":"","ocean_post_subheading":"","ocean_post_title_style":"","ocean_post_title_background_color":"","ocean_post_title_background":0,"ocean_post_title_bg_image_position":"","ocean_post_title_bg_image_attachment":"","ocean_post_title_bg_image_repeat":"","ocean_post_title_bg_image_size":"","ocean_post_title_height":0,"ocean_post_title_bg_overlay":0.5,"ocean_post_title_bg_overlay_color":"","ocean_disable_breadcrumbs":"default","ocean_breadcrumbs_color":"","ocean_breadcrumbs_separator_color":"","ocean_breadcrumbs_links_color":"","ocean_breadcrumbs_links_hover_color":"","ocean_display_footer_widgets":"default","ocean_display_footer_bottom":"default","ocean_custom_footer_template":"0","ofc_meta_disable_footer_callout":"","ofc_meta_callout_button_url":"","ofc_meta_callout_button_txt":"","ofc_meta_callout_text":"","ofc_enable_fullscreen":"disable","ofc_fullscreen_speed":0,"ofc_fullscreen_nav":"enable","ofc_fullscreen_nav_pos":"right","ofc_fullscreen_nav_color":"","ofc_fullscreen_nav_tooltip_color":"","ofc_fullscreen_responsive":0,"osh_disable_topbar_sticky":"default","osh_disable_header_sticky":"default","osh_sticky_header_style":"default","osh_sticky_header_effect":"","osh_custom_sticky_logo":0,"osh_custom_retina_sticky_logo":0,"osh_custom_sticky_logo_height":0,"osh_background_color":"","osh_links_color":"","osh_links_hover_color":"","osh_links_active_color":"","osh_links_bg_color":"","osh_links_hover_bg_color":"","osh_links_active_bg_color":"","osh_menu_social_links_color":"","osh_menu_social_hover_links_color":"","footnotes":""},"class_list":["post-4907","page","type-page","status-publish","hentry","entry"],"_links":{"self":[{"href":"https:\/\/central-law.com\/en\/wp-json\/wp\/v2\/pages\/4907","targetHints":{"allow":["GET"]}}],"collection":[{"href":"https:\/\/central-law.com\/en\/wp-json\/wp\/v2\/pages"}],"about":[{"href":"https:\/\/central-law.com\/en\/wp-json\/wp\/v2\/types\/page"}],"author":[{"embeddable":true,"href":"https:\/\/central-law.com\/en\/wp-json\/wp\/v2\/users\/4"}],"replies":[{"embeddable":true,"href":"https:\/\/central-law.com\/en\/wp-json\/wp\/v2\/comments?post=4907"}],"version-history":[{"count":10,"href":"https:\/\/central-law.com\/en\/wp-json\/wp\/v2\/pages\/4907\/revisions"}],"predecessor-version":[{"id":11296,"href":"https:\/\/central-law.com\/en\/wp-json\/wp\/v2\/pages\/4907\/revisions\/11296"}],"wp:attachment":[{"href":"https:\/\/central-law.com\/en\/wp-json\/wp\/v2\/media?parent=4907"}],"curies":[{"name":"wp","href":"https:\/\/api.w.org\/{rel}","templated":true}]}}